{"id":11,"date":"2024-01-20T21:53:34","date_gmt":"2024-01-20T20:53:34","guid":{"rendered":"https:\/\/elitejuridica.com\/?page_id=11"},"modified":"2025-08-08T23:54:56","modified_gmt":"2025-08-08T21:54:56","slug":"servicios","status":"publish","type":"page","link":"https:\/\/elitejuridica.com\/index.php\/servicios\/","title":{"rendered":"Servicios"},"content":{"rendered":"<ul>\n<li><strong>Derecho de da\u00f1os<\/strong><\/li>\n<li><strong>Derecho civil y comercial<\/strong><\/li>\n<li><strong>Derecho contencioso administrativo<\/strong><\/li>\n<li><strong>Pensiones<\/strong><\/li>\n<li><strong>Laboral administrativo<\/strong><\/li>\n<li><strong>Acciones constitucionales<\/strong><\/li>\n<li><strong>Derecho sancionatorio<\/strong><\/li>\n<\/ul>\n<p>&nbsp;<\/p>\n<div style=\"border: 1px solid #E0E0E0; padding: 25px; background-color: #ffffff; max-width: 600px; margin: auto; font-family: 'Arial', sans-serif; text-align: center;\">\n<h3 style=\"color: #333333; font-size: 22px; margin-top: 0; font-weight: bold;\"><span style=\"color: #000080;\">Nota Aclaratoria<\/span><\/h3>\n<p style=\"color: #444444; font-size: 17px; line-height: 1.6;\"><span style=\"color: #000080;\">\u00c9lite jur\u00eddica abogados <span style=\"color: #80001a;\"><strong style=\"font-size: 18px;\">NO<\/strong> <\/span>realiza gestiones de <span style=\"color: #80001a;\"><strong>cobro de cartera<\/strong><\/span>.<\/span><\/p>\n<p style=\"color: #666666; font-size: 16px; line-height: 1.6;\"><span style=\"color: #000080;\">No contactamos a personas por v\u00eda telef\u00f3nica, correo electr\u00f3nico ni ning\u00fan otro medio para exigir el pago de deudas. Cualquier comunicaci\u00f3n de este tipo en nuestro nombre es un intento de suplantaci\u00f3n de identidad.<\/span><\/p>\n<\/div>\n<p>&nbsp;<\/p>\n","protected":false},"excerpt":{"rendered":"<p>Derecho de da\u00f1os Derecho civil y comercial Derecho contencioso administrativo Pensiones Laboral administrativo Acciones constitucionales Derecho sancionatorio &nbsp; Nota Aclaratoria \u00c9lite jur\u00eddica abogados NO realiza gestiones de cobro de cartera. No contactamos a personas por v\u00eda telef\u00f3nica, correo electr\u00f3nico ni ning\u00fan otro medio para exigir el pago de deudas. Cualquier comunicaci\u00f3n de este tipo en &hellip; <\/p>\n<p class=\"link-more\"><a href=\"https:\/\/elitejuridica.com\/index.php\/servicios\/\" class=\"more-link\">Continue reading<span class=\"screen-reader-text\"> &#8220;Servicios&#8221;<\/span><\/a><\/p>\n","protected":false},"author":1,"featured_media":159,"parent":0,"menu_order":0,"comment_status":"closed","ping_status":"closed","template":"","meta":{"footnotes":""},"_links":{"self":[{"href":"https:\/\/elitejuridica.com\/index.php\/wp-json\/wp\/v2\/pages\/11"}],"collection":[{"href":"https:\/\/elitejuridica.com\/index.php\/wp-json\/wp\/v2\/pages"}],"about":[{"href":"https:\/\/elitejuridica.com\/index.php\/wp-json\/wp\/v2\/types\/page"}],"author":[{"embeddable":true,"href":"https:\/\/elitejuridica.com\/index.php\/wp-json\/wp\/v2\/users\/1"}],"replies":[{"embeddable":true,"href":"https:\/\/elitejuridica.com\/index.php\/wp-json\/wp\/v2\/comments?post=11"}],"version-history":[{"count":29,"href":"https:\/\/elitejuridica.com\/index.php\/wp-json\/wp\/v2\/pages\/11\/revisions"}],"predecessor-version":[{"id":383,"href":"https:\/\/elitejuridica.com\/index.php\/wp-json\/wp\/v2\/pages\/11\/revisions\/383"}],"wp:featuredmedia":[{"embeddable":true,"href":"https:\/\/elitejuridica.com\/index.php\/wp-json\/wp\/v2\/media\/159"}],"wp:attachment":[{"href":"https:\/\/elitejuridica.com\/index.php\/wp-json\/wp\/v2\/media?parent=11"}],"curies":[{"name":"wp","href":"https:\/\/api.w.org\/{rel}","templated":true}]}}